{"id":56,"date":"2021-10-04T14:44:03","date_gmt":"2021-10-04T14:44:03","guid":{"rendered":"https:\/\/rs-oberursel.de\/?page_id=56"},"modified":"2022-02-14T14:55:36","modified_gmt":"2022-02-14T14:55:36","slug":"recht","status":"publish","type":"page","link":"https:\/\/rs-oberursel.de\/?page_id=56","title":{"rendered":"Recht"},"content":{"rendered":"\n<figure class=\"wp-block-image alignwide size-large\"><img loading=\"lazy\" decoding=\"async\" width=\"795\" height=\"530\" src=\"https:\/\/rs-oberursel.de\/wp-content\/uploads\/2022\/01\/image-795x530.jpeg\" alt=\"\" class=\"wp-image-147\" srcset=\"https:\/\/rs-oberursel.de\/wp-content\/uploads\/2022\/01\/image-795x530.jpeg 795w, https:\/\/rs-oberursel.de\/wp-content\/uploads\/2022\/01\/image-600x400.jpeg 600w, https:\/\/rs-oberursel.de\/wp-content\/uploads\/2022\/01\/image-768x512.jpeg 768w, https:\/\/rs-oberursel.de\/wp-content\/uploads\/2022\/01\/image-1536x1024.jpeg 1536w, https:\/\/rs-oberursel.de\/wp-content\/uploads\/2022\/01\/image.jpeg 1920w\" sizes=\"auto, (max-width: 795px) 100vw, 795px\" \/><\/figure>\n\n\n\n<p> <br> <\/p>\n\n\n\n<p class=\"has-drop-cap has-text-align-left has-huge-font-size\"><mark style=\"background-color:rgba(0, 0, 0, 0);color:#b09e80\" class=\"has-inline-color\">RRechtsanw\u00e4ltin Verena Lux<\/mark><\/p>\n\n\n\n<p><br><br>Ihr Recht in guten H\u00e4nden. <br><\/p>\n\n\n\n<p>Als selbst\u00e4ndige Rechtsanw\u00e4ltin bin ich insbesondere im Bereich des Verkehrsrechts t\u00e4tig. Ich f\u00fchre eine moderne und effiziente Kanzlei, die als Dienstleister f\u00fcr Ihr Recht k\u00e4mpft. <br><br>Im Verkehrsrecht \u00fcbernehme ich die Schadensregulierung damit Sie schnellstm\u00f6glich Ihr Geld von der gegnerischer Versicherung erhalten. In diesem Zuge mache ich ebenso Anspr\u00fcche auf Schadensersatz und Schmerzensgeld f\u00fcr Sie geltend. <br><br><br><br>Ich biete Ihnen: <br><\/p>\n\n\n\n<ul class=\"wp-block-list\"><li>Berufserfahrung im Verkehrsrecht, die durch regelm\u00e4\u00dfige Fortbildungen erweitert wird<\/li><li>Kostentransparenz<\/li><li>schnelle Beantwortung Ihrer Fragen<\/li><li>deutschlandweite Betreuung<\/li><li>Abwicklung der Anwaltsgeb\u00fchren \u00fcber alle Rechtsschutzversicherungen<\/li><li>\u00fcberwiegend papierlose Bearbeitung aller F\u00e4lle\u00a0<\/li><\/ul>\n\n\n\n<p><br><\/p>\n\n\n\n<p>Ich freue mich \u00fcber Ihre Kontaktaufnahme. <\/p>\n\n\n\n<p><\/p>\n\n\n\n<p><\/p>\n\n\n\n<p><\/p>\n\n\n\n<p><\/p>\n","protected":false},"excerpt":{"rendered":"<p>RRechtsanw\u00e4ltin Verena Lux Ihr Recht in guten H\u00e4nden. Als selbst\u00e4ndige Rechtsanw\u00e4ltin bin ich insbesondere im Bereich des Verkehrsrechts t\u00e4tig. Ich f\u00fchre eine moderne und effiziente Kanzlei, die als Dienstleister f\u00fcr Ihr Recht k\u00e4mpft. Im Verkehrsrecht \u00fcbernehme ich die Schadensregulierung damit Sie schnellstm\u00f6glich Ihr Geld von der gegnerischer Versicherung erhalten. In diesem Zuge mache ich ebenso [&hellip;]<\/p>\n","protected":false},"author":1,"featured_media":0,"parent":0,"menu_order":1,"comment_status":"closed","ping_status":"closed","template":"","meta":{"footnotes":""},"class_list":["post-56","page","type-page","status-publish","hentry"],"_links":{"self":[{"href":"https:\/\/rs-oberursel.de\/index.php?rest_route=\/wp\/v2\/pages\/56","targetHints":{"allow":["GET"]}}],"collection":[{"href":"https:\/\/rs-oberursel.de\/index.php?rest_route=\/wp\/v2\/pages"}],"about":[{"href":"https:\/\/rs-oberursel.de\/index.php?rest_route=\/wp\/v2\/types\/page"}],"author":[{"embeddable":true,"href":"https:\/\/rs-oberursel.de\/index.php?rest_route=\/wp\/v2\/users\/1"}],"replies":[{"embeddable":true,"href":"https:\/\/rs-oberursel.de\/index.php?rest_route=%2Fwp%2Fv2%2Fcomments&post=56"}],"version-history":[{"count":31,"href":"https:\/\/rs-oberursel.de\/index.php?rest_route=\/wp\/v2\/pages\/56\/revisions"}],"predecessor-version":[{"id":224,"href":"https:\/\/rs-oberursel.de\/index.php?rest_route=\/wp\/v2\/pages\/56\/revisions\/224"}],"wp:attachment":[{"href":"https:\/\/rs-oberursel.de\/index.php?rest_route=%2Fwp%2Fv2%2Fmedia&parent=56"}],"curies":[{"name":"wp","href":"https:\/\/api.w.org\/{rel}","templated":true}]}}