{"id":58,"date":"2021-10-04T14:44:03","date_gmt":"2021-10-04T14:44:03","guid":{"rendered":"https:\/\/rs-oberursel.de\/?page_id=58"},"modified":"2022-01-25T12:46:37","modified_gmt":"2022-01-25T12:46:37","slug":"impressum","status":"publish","type":"page","link":"https:\/\/rs-oberursel.de\/?page_id=58","title":{"rendered":"Impressum"},"content":{"rendered":"\n<p><strong>Angaben gem\u00e4\u00df \u00a7 5 TMG<br><\/strong>Rechtsanw\u00e4ltin<br>Verena Lux<br>Adenauerallee 8&nbsp;<br>61440 Oberursel (Taunus)<br> <br><\/p>\n\n\n\n<p><\/p>\n\n\n\n<p><\/p>\n\n\n\n<p><strong>Kontakt:&nbsp;<\/strong><br>Telefon: 06171 580355<br>Mobil: 0173 2557831<br>Fax: 06171 580358<br>Mail: <a href=\"mailto:kontakt@rs-oberursel.de\">kontakt@rs-oberursel.de<\/a><br> <br><\/p>\n\n\n\n<p><strong>Berufsbezeichnung<\/strong>:&nbsp;<br>Rechtsanw\u00e4ltin<br>  <br><\/p>\n\n\n\n<p><\/p>\n\n\n\n<p><strong>Verleihungsstaat<\/strong>:<br>Bundesrepublik Deutschland<br> <br> <\/p>\n\n\n\n<p><\/p>\n\n\n\n<p><\/p>\n\n\n\n<p><strong>Zust\u00e4ndige Aufsichtsbeh\u00f6rde<\/strong>:<br>Rechtsanwaltskammer Frankfurt am Main<br> &nbsp;<br><\/p>\n\n\n\n<p><\/p>\n\n\n\n<p><\/p>\n\n\n\n<p><strong>Berufshaftpflichtversicherung<\/strong>:&nbsp;<br>Allianz Versicherungs AG<br>R\u00e4umlicher Geltungsbereich: im gesamten EU-Gebiet und in den Staaten des Abkommens \u00fcber den Europ\u00e4ischen Wirtschaftsraum&nbsp;<br> <br><\/p>\n\n\n\n<p><\/p>\n\n\n\n<p><\/p>\n\n\n\n<p><strong>Verantwortlich f\u00fcr den Inhalt nach \u00a7 55 II RStV:<br><\/strong>Verena Lux<br>Adenauerallee 8<br>61440 Oberursel&nbsp;(Taunus)<br> <br><\/p>\n\n\n\n<p><\/p>\n\n\n\n<p><\/p>\n\n\n\n<p><strong>Es gelten folgende berufsrechtliche Regelungen:<\/strong><br>&#8211; Bundesrechtsanwaltsordnung (BRAO)<br>&#8211; Berufsordnung f\u00fcr Rechtsanw\u00e4lte (BORA)<br>&#8211; Rechtsanwaltsverg\u00fctungsgesetz (RVG)<br>&#8211; Berufsregeln der Rechtsanw\u00e4lte der Europ\u00e4ischen Union (CCBE)<\/p>\n\n\n\n<p>Vorstehende Regelungen k\u00f6nnen \u00fcber die Hompage der Bundesrechtsanwaltskammer (<a href=\"http:\/\/www.brak.de\/\">www.brak.de<\/a>) unter &#8222;Berufsrecht&#8220; eingesehen und abgerufen werden.<br> <br><\/p>\n\n\n\n<p><\/p>\n\n\n\n<p><\/p>\n\n\n\n<p><strong>Haftungshinweis:&nbsp;<\/strong><br>F\u00fcr die Inhalte externer Links wird trotz inhaltlicher Kontrolle keine Haftung \u00fcbernommen.<br><\/p>\n\n\n\n<p><\/p>\n\n\n\n<p><\/p>\n","protected":false},"excerpt":{"rendered":"<p>Angaben gem\u00e4\u00df \u00a7 5 TMGRechtsanw\u00e4ltinVerena LuxAdenauerallee 8&nbsp;61440 Oberursel (Taunus) Kontakt:&nbsp;Telefon: 06171 580355Mobil: 0173 2557831Fax: 06171 580358Mail: kontakt@rs-oberursel.de Berufsbezeichnung:&nbsp;Rechtsanw\u00e4ltin Verleihungsstaat:Bundesrepublik Deutschland Zust\u00e4ndige Aufsichtsbeh\u00f6rde:Rechtsanwaltskammer Frankfurt am Main &nbsp; Berufshaftpflichtversicherung:&nbsp;Allianz Versicherungs AGR\u00e4umlicher Geltungsbereich: im gesamten EU-Gebiet und in den Staaten des Abkommens \u00fcber den Europ\u00e4ischen Wirtschaftsraum&nbsp; Verantwortlich f\u00fcr den Inhalt nach \u00a7 55 II RStV:Verena LuxAdenauerallee 861440 Oberursel&nbsp;(Taunus) [&hellip;]<\/p>\n","protected":false},"author":1,"featured_media":0,"parent":0,"menu_order":4,"comment_status":"closed","ping_status":"closed","template":"","meta":{"footnotes":""},"class_list":["post-58","page","type-page","status-publish","hentry"],"_links":{"self":[{"href":"https:\/\/rs-oberursel.de\/index.php?rest_route=\/wp\/v2\/pages\/58","targetHints":{"allow":["GET"]}}],"collection":[{"href":"https:\/\/rs-oberursel.de\/index.php?rest_route=\/wp\/v2\/pages"}],"about":[{"href":"https:\/\/rs-oberursel.de\/index.php?rest_route=\/wp\/v2\/types\/page"}],"author":[{"embeddable":true,"href":"https:\/\/rs-oberursel.de\/index.php?rest_route=\/wp\/v2\/users\/1"}],"replies":[{"embeddable":true,"href":"https:\/\/rs-oberursel.de\/index.php?rest_route=%2Fwp%2Fv2%2Fcomments&post=58"}],"version-history":[{"count":15,"href":"https:\/\/rs-oberursel.de\/index.php?rest_route=\/wp\/v2\/pages\/58\/revisions"}],"predecessor-version":[{"id":191,"href":"https:\/\/rs-oberursel.de\/index.php?rest_route=\/wp\/v2\/pages\/58\/revisions\/191"}],"wp:attachment":[{"href":"https:\/\/rs-oberursel.de\/index.php?rest_route=%2Fwp%2Fv2%2Fmedia&parent=58"}],"curies":[{"name":"wp","href":"https:\/\/api.w.org\/{rel}","templated":true}]}}